{"id":1146,"date":"2024-04-09T06:06:44","date_gmt":"2024-04-09T06:06:44","guid":{"rendered":"https:\/\/sporthorses.lv\/?page_id=1146"},"modified":"2024-04-09T20:22:18","modified_gmt":"2024-04-09T20:22:18","slug":"adaptivais-jasanas-sports","status":"publish","type":"page","link":"https:\/\/sporthorses.lv\/ru\/adaptivais-jasanas-sports\/","title":{"rendered":"Adapt\u012bvais j\u0101\u0161anas sports"},"content":{"rendered":"\t\t<div data-elementor-type=\"wp-page\" data-elementor-id=\"1146\" class=\"elementor elementor-1146 elementor-1116\" data-elementor-post-type=\"page\">\n\t\t\t\t<div class=\"elementor-element elementor-element-4da369a9 e-flex e-con-boxed e-con e-parent\" data-id=\"4da369a9\" data-element_type=\"container\" data-e-type=\"container\">\n\t\t\t\t\t<div class=\"e-con-inner\">\n\t\t<div class=\"elementor-element elementor-element-17e22d01 e-con-full e-flex e-con e-child\" data-id=\"17e22d01\" data-element_type=\"container\" data-e-type=\"container\">\n\t\t<div class=\"elementor-element elementor-element-7a3d0cb8 e-flex e-con-boxed e-con e-child\" data-id=\"7a3d0cb8\" data-element_type=\"container\" data-e-type=\"container\">\n\t\t\t\t\t<div class=\"e-con-inner\">\n\t\t\t\t<div class=\"elementor-element elementor-element-145c116d elementor-widget elementor-widget-heading\" data-id=\"145c116d\" data-element_type=\"widget\" data-e-type=\"widget\" data-widget_type=\"heading.default\">\n\t\t\t\t<div class=\"elementor-widget-container\">\n\t\t\t\t\t<h1 class=\"elementor-heading-title elementor-size-default\">\u0410\u0434\u0430\u043f\u0442\u0438\u0432\u043d\u044b\u0439 \u043a\u043e\u043d\u043d\u044b\u0439 \u0441\u043f\u043e\u0440\u0442<\/h1>\t\t\t\t<\/div>\n\t\t\t\t<\/div>\n\t\t\t\t<div class=\"elementor-element elementor-element-37749a21 elementor-widget elementor-widget-text-editor\" data-id=\"37749a21\" data-element_type=\"widget\" data-e-type=\"widget\" data-widget_type=\"text-editor.default\">\n\t\t\t\t<div class=\"elementor-widget-container\">\n\t\t\t\t\t\t\t\t\t<p>\u041d\u0430\u0448\u0430 \u043f\u0440\u043e\u0433\u0440\u0430\u043c\u043c\u0430 \u0430\u0434\u0430\u043f\u0442\u0438\u0432\u043d\u043e\u0433\u043e \u043a\u043e\u043d\u043d\u043e\u0433\u043e \u0441\u043f\u043e\u0440\u0442\u0430 \u0440\u0430\u0437\u0440\u0430\u0431\u043e\u0442\u0430\u043d\u0430 \u0434\u043b\u044f \u043f\u0440\u0435\u0434\u043e\u0441\u0442\u0430\u0432\u043b\u0435\u043d\u0438\u044f \u043e\u0431\u0443\u0447\u0435\u043d\u0438\u044f \u0432\u0435\u0440\u0445\u043e\u0432\u043e\u0439 \u0435\u0437\u0434\u0435 \u043b\u044e\u0434\u044f\u043c, \u043a\u043e\u0442\u043e\u0440\u044b\u0435 \u043f\u043e \u0440\u0430\u0437\u043d\u044b\u043c \u043f\u0440\u0438\u0447\u0438\u043d\u0430\u043c \u043d\u0435 \u0436\u0435\u043b\u0430\u044e\u0442 \u0438\u043b\u0438 \u043d\u0435 \u043c\u043e\u0433\u0443\u0442 \u0442\u0440\u0435\u043d\u0438\u0440\u043e\u0432\u0430\u0442\u044c\u0441\u044f \u0432 \u0441\u043f\u043e\u0440\u0442\u0435 \u043f\u0430\u0440\u0430-\u0434\u0440\u0435\u0441\u0441\u0443\u0440\u044b \u0432\u044b\u0441\u043e\u043a\u043e\u0433\u043e \u0443\u0440\u043e\u0432\u043d\u044f. \u042d\u0442\u0430 \u043f\u0440\u043e\u0433\u0440\u0430\u043c\u043c\u0430 \u043f\u043e\u0434\u0445\u043e\u0434\u0438\u0442 \u043a\u0430\u043a \u0434\u043b\u044f \u043d\u0430\u0447\u0438\u043d\u0430\u044e\u0449\u0438\u0445, \u0442\u0430\u043a \u0438 \u0434\u043b\u044f \u0442\u0435\u0445, \u043a\u0442\u043e \u0443\u0436\u0435 \u043e\u0437\u043d\u0430\u043a\u043e\u043c\u0438\u043b\u0441\u044f \u0441 \u043e\u0441\u043d\u043e\u0432\u0430\u043c\u0438 \u0432\u0435\u0440\u0445\u043e\u0432\u043e\u0439 \u0435\u0437\u0434\u044b, \u043d\u043e \u0438\u0449\u0435\u0442 \u043c\u0435\u043d\u044c\u0448\u0435 \u043a\u043e\u043d\u043a\u0443\u0440\u0435\u043d\u0446\u0438\u0438 \u0438 \u0431\u043e\u043b\u044c\u0448\u0435 \u0434\u043e\u0441\u0442\u0443\u043f\u043d\u043e\u0441\u0442\u0438 \u0438 \u0430\u0434\u0430\u043f\u0442\u0438\u0432\u043d\u043e\u0441\u0442\u0438 \u043a \u0441\u0432\u043e\u0438\u043c \u0438\u043d\u0434\u0438\u0432\u0438\u0434\u0443\u0430\u043b\u044c\u043d\u044b\u043c \u043f\u043e\u0442\u0440\u0435\u0431\u043d\u043e\u0441\u0442\u044f\u043c.<\/p><p>\u0410\u0434\u0430\u043f\u0442\u0438\u0432\u043d\u044b\u0439 \u043a\u043e\u043d\u043d\u044b\u0439 \u0441\u043f\u043e\u0440\u0442 \u0440\u0430\u0437\u0440\u0430\u0431\u043e\u0442\u0430\u043d \u0442\u0430\u043a, \u0447\u0442\u043e\u0431\u044b \u0431\u044b\u0442\u044c \u0433\u0438\u0431\u043a\u0438\u043c \u0438 \u043f\u043e\u0434\u0434\u0435\u0440\u0436\u0438\u0432\u0430\u044e\u0449\u0438\u043c, \u0430\u043a\u0446\u0435\u043d\u0442\u0438\u0440\u0443\u044f \u0432\u043d\u0438\u043c\u0430\u043d\u0438\u0435 \u043d\u0430 \u0443\u0434\u043e\u0432\u043e\u043b\u044c\u0441\u0442\u0432\u0438\u0438 \u043e\u0442 \u0432\u0435\u0440\u0445\u043e\u0432\u043e\u0439 \u0435\u0437\u0434\u044b, \u0444\u0438\u0437\u0438\u0447\u0435\u0441\u043a\u043e\u0439 \u0430\u043a\u0442\u0438\u0432\u043d\u043e\u0441\u0442\u0438 \u0438 \u043b\u0438\u0447\u043d\u044b\u0445 \u0434\u043e\u0441\u0442\u0438\u0436\u0435\u043d\u0438\u044f\u0445, \u0430 \u043d\u0435 \u0442\u043e\u043b\u044c\u043a\u043e \u043d\u0430 \u0441\u043e\u0440\u0435\u0432\u043d\u043e\u0432\u0430\u0442\u0435\u043b\u044c\u043d\u044b\u0445 \u0440\u0435\u0437\u0443\u043b\u044c\u0442\u0430\u0442\u0430\u0445. \u041f\u0440\u043e\u0433\u0440\u0430\u043c\u043c\u0430 \u043f\u0440\u0435\u0434\u043b\u0430\u0433\u0430\u0435\u0442 \u0448\u0438\u0440\u043e\u043a\u0438\u0439 \u0441\u043f\u0435\u043a\u0442\u0440 \u0442\u0440\u0435\u043d\u0438\u0440\u043e\u0432\u043e\u043a, \u0432\u043a\u043b\u044e\u0447\u0430\u044f \u0442\u0435\u043e\u0440\u0435\u0442\u0438\u0447\u0435\u0441\u043a\u0438\u0435 \u0437\u043d\u0430\u043d\u0438\u044f \u043e \u0443\u0445\u043e\u0434\u0435 \u0437\u0430 \u043b\u043e\u0448\u0430\u0434\u044c\u043c\u0438 \u0438 \u0438\u0445 \u043f\u043e\u0432\u0435\u0434\u0435\u043d\u0438\u0438, \u0430 \u0442\u0430\u043a\u0436\u0435 \u043f\u0440\u0430\u043a\u0442\u0438\u0447\u0435\u0441\u043a\u0438\u0435 \u043d\u0430\u0432\u044b\u043a\u0438 \u0432\u0435\u0440\u0445\u043e\u0432\u043e\u0439 \u0435\u0437\u0434\u044b, \u0430\u0434\u0430\u043f\u0442\u0438\u0440\u043e\u0432\u0430\u043d\u043d\u044b\u0435 \u0434\u043b\u044f \u043a\u0430\u0436\u0434\u043e\u0433\u043e \u0443\u0447\u0430\u0441\u0442\u043d\u0438\u043a\u0430 \u0432 \u0441\u043e\u043e\u0442\u0432\u0435\u0442\u0441\u0442\u0432\u0438\u0438 \u0441 \u0435\u0433\u043e \u0441\u043f\u043e\u0441\u043e\u0431\u043d\u043e\u0441\u0442\u044f\u043c\u0438, \u0436\u0435\u043b\u0430\u043d\u0438\u044f\u043c\u0438 \u0438 \u0446\u0435\u043b\u044f\u043c\u0438.<\/p><p>\u041d\u0430\u0448\u0438 \u0438\u043d\u0441\u0442\u0440\u0443\u043a\u0442\u043e\u0440\u044b &#8212; \u043f\u0440\u043e\u0444\u0435\u0441\u0441\u0438\u043e\u043d\u0430\u043b\u044c\u043d\u044b\u0435 \u0438 \u043e\u043f\u044b\u0442\u043d\u044b\u0435 \u0441\u043f\u0435\u0446\u0438\u0430\u043b\u0438\u0441\u0442\u044b, \u043e\u0431\u0443\u0447\u0435\u043d\u043d\u044b\u0435 \u0440\u0430\u0431\u043e\u0442\u0435 \u0441 \u043d\u0430\u0435\u0437\u0434\u043d\u0438\u043a\u0430\u043c\u0438 \u0440\u0430\u0437\u043b\u0438\u0447\u043d\u043e\u0433\u043e \u0443\u0440\u043e\u0432\u043d\u044f, \u043e\u0431\u0435\u0441\u043f\u0435\u0447\u0438\u0432\u0430\u044f \u0431\u0435\u0437\u043e\u043f\u0430\u0441\u043d\u044b\u0439, \u043f\u0440\u043e\u0434\u0443\u043a\u0442\u0438\u0432\u043d\u044b\u0439 \u0438 \u043f\u0440\u0438\u044f\u0442\u043d\u044b\u0439 \u043e\u043f\u044b\u0442 \u0434\u043b\u044f \u043a\u0430\u0436\u0434\u043e\u0433\u043e \u0443\u0447\u0430\u0441\u0442\u043d\u0438\u043a\u0430. \u0418\u043d\u0441\u0442\u0440\u0443\u043a\u0442\u043e\u0440\u044b \u0442\u0435\u0441\u043d\u043e \u0441\u043e\u0442\u0440\u0443\u0434\u043d\u0438\u0447\u0430\u044e\u0442 \u0441 \u0443\u0447\u0430\u0441\u0442\u043d\u0438\u043a\u0430\u043c\u0438 \u0434\u043b\u044f \u043e\u043f\u0440\u0435\u0434\u0435\u043b\u0435\u043d\u0438\u044f \u0438\u043d\u0434\u0438\u0432\u0438\u0434\u0443\u0430\u043b\u044c\u043d\u044b\u0445 \u0446\u0435\u043b\u0435\u0439 \u0438 \u0430\u0434\u0430\u043f\u0442\u0430\u0446\u0438\u0438 \u043f\u0440\u043e\u0433\u0440\u0430\u043c\u043c\u044b \u0442\u0440\u0435\u043d\u0438\u0440\u043e\u0432\u043e\u043a, \u0441\u043f\u043e\u0441\u043e\u0431\u0441\u0442\u0432\u0443\u044f \u0443\u043b\u0443\u0447\u0448\u0435\u043d\u0438\u044e \u043a\u0430\u043a \u0444\u0438\u0437\u0438\u0447\u0435\u0441\u043a\u043e\u0433\u043e, \u0442\u0430\u043a \u0438 \u044d\u043c\u043e\u0446\u0438\u043e\u043d\u0430\u043b\u044c\u043d\u043e\u0433\u043e \u0431\u043b\u0430\u0433\u043e\u043f\u043e\u043b\u0443\u0447\u0438\u044f.<\/p><p>\u041f\u0440\u043e\u0433\u0440\u0430\u043c\u043c\u0430 \u0442\u0430\u043a\u0436\u0435 \u0443\u0434\u0435\u043b\u044f\u0435\u0442 \u043e\u0441\u043e\u0431\u043e\u0435 \u0432\u043d\u0438\u043c\u0430\u043d\u0438\u0435 \u0441\u043e\u0446\u0438\u0430\u043b\u044c\u043d\u043e\u0439 \u0438\u043d\u0442\u0435\u0433\u0440\u0430\u0446\u0438\u0438 \u0438 \u0441\u043e\u0437\u0434\u0430\u043d\u0438\u044e \u0441\u043e\u043e\u0431\u0449\u0435\u0441\u0442\u0432\u0430, \u043f\u043e\u043e\u0449\u0440\u044f\u044f \u0441\u043e\u0442\u0440\u0443\u0434\u043d\u0438\u0447\u0435\u0441\u0442\u0432\u043e \u0438 \u0434\u0440\u0443\u0436\u0431\u0443 \u0441\u0440\u0435\u0434\u0438 \u0443\u0447\u0430\u0441\u0442\u043d\u0438\u043a\u043e\u0432. \u041e\u0440\u0433\u0430\u043d\u0438\u0437\u0443\u044e\u0442\u0441\u044f \u0440\u0430\u0437\u043b\u0438\u0447\u043d\u044b\u0435 \u043c\u0435\u0440\u043e\u043f\u0440\u0438\u044f\u0442\u0438\u044f \u0438 \u0430\u043a\u0442\u0438\u0432\u043d\u043e\u0441\u0442\u0438, \u043f\u0440\u0435\u0434\u043e\u0441\u0442\u0430\u0432\u043b\u044f\u044e\u0449\u0438\u0435 \u0432\u043e\u0437\u043c\u043e\u0436\u043d\u043e\u0441\u0442\u0438 \u0443\u0447\u0430\u0441\u0442\u043d\u0438\u043a\u0430\u043c \u0434\u0435\u043b\u0438\u0442\u044c\u0441\u044f \u043e\u043f\u044b\u0442\u043e\u043c, \u043f\u043e\u0434\u0434\u0435\u0440\u0436\u0438\u0432\u0430\u0442\u044c \u0434\u0440\u0443\u0433 \u0434\u0440\u0443\u0433\u0430 \u0438 \u0441\u0442\u0440\u043e\u0438\u0442\u044c \u0434\u043e\u043b\u0433\u043e\u0441\u0440\u043e\u0447\u043d\u044b\u0435 \u0434\u0440\u0443\u0436\u0435\u0441\u043a\u0438\u0435 \u043e\u0442\u043d\u043e\u0448\u0435\u043d\u0438\u044f.<\/p><p>\u0410\u0434\u0430\u043f\u0442\u0438\u0432\u043d\u044b\u0439 \u043a\u043e\u043d\u043d\u044b\u0439 \u0441\u043f\u043e\u0440\u0442 \u044f\u0432\u043b\u044f\u0435\u0442\u0441\u044f \u0446\u0435\u043d\u043d\u044b\u043c \u0440\u0435\u0441\u0443\u0440\u0441\u043e\u043c \u0434\u043b\u044f \u043b\u044e\u0434\u0435\u0439, \u0438\u0449\u0443\u0449\u0438\u0445 \u0430\u043b\u044c\u0442\u0435\u0440\u043d\u0430\u0442\u0438\u0432\u043d\u044b\u0435 \u043f\u043e\u0434\u0445\u043e\u0434\u044b \u043a \u0441\u043f\u043e\u0440\u0442\u0443, \u0433\u0434\u0435 \u043f\u0440\u0438\u043e\u0440\u0438\u0442\u0435\u0442\u043e\u043c \u044f\u0432\u043b\u044f\u044e\u0442\u0441\u044f \u0434\u043e\u0441\u0442\u0443\u043f\u043d\u043e\u0441\u0442\u044c, \u043b\u0438\u0447\u043d\u043e\u0441\u0442\u043d\u043e\u0435 \u0440\u0430\u0437\u0432\u0438\u0442\u0438\u0435 \u0438 \u0447\u0443\u0432\u0441\u0442\u0432\u043e \u0441\u043e\u043e\u0431\u0449\u0435\u0441\u0442\u0432\u0430. \u042d\u0442\u0430 \u043f\u0440\u043e\u0433\u0440\u0430\u043c\u043c\u0430 \u043f\u0440\u0435\u0434\u043b\u0430\u0433\u0430\u0435\u0442 \u0432\u043e\u0437\u043c\u043e\u0436\u043d\u043e\u0441\u0442\u044c \u043a\u0430\u0436\u0434\u043e\u043c\u0443 \u0438\u0437\u0432\u043b\u0435\u0447\u044c \u0432\u044b\u0433\u043e\u0434\u0443 \u0438\u0437 \u043a\u043e\u043d\u043d\u043e\u0433\u043e \u0441\u043f\u043e\u0440\u0442\u0430, \u043d\u0435\u0437\u0430\u0432\u0438\u0441\u0438\u043c\u043e \u043e\u0442 \u0444\u0438\u0437\u0438\u0447\u0435\u0441\u043a\u0438\u0445 \u0441\u043f\u043e\u0441\u043e\u0431\u043d\u043e\u0441\u0442\u0435\u0439 \u0438\u043b\u0438 \u0441\u043f\u043e\u0440\u0442\u0438\u0432\u043d\u044b\u0445 \u0446\u0435\u043b\u0435\u0439, \u0441\u043f\u043e\u0441\u043e\u0431\u0441\u0442\u0432\u0443\u044f \u0444\u0438\u0437\u0438\u0447\u0435\u0441\u043a\u043e\u043c\u0443 \u0437\u0434\u043e\u0440\u043e\u0432\u044c\u044e, \u0441\u0430\u043c\u043e\u0443\u0432\u0435\u0440\u0435\u043d\u043d\u043e\u0441\u0442\u0438 \u0438 \u043f\u043e\u0437\u0438\u0442\u0438\u0432\u043d\u043e\u043c\u0443 \u0432\u0437\u0433\u043b\u044f\u0434\u0443 \u043d\u0430 \u0436\u0438\u0437\u043d\u044c.<\/p>\t\t\t\t\t\t\t\t<\/div>\n\t\t\t\t<\/div>\n\t\t\t\t\t<\/div>\n\t\t\t\t<\/div>\n\t\t<div class=\"elementor-element elementor-element-2be69c8a e-con-full e-flex e-con e-child\" data-id=\"2be69c8a\" data-element_type=\"container\" data-e-type=\"container\">\n\t\t\t\t<div class=\"elementor-element elementor-element-b82f9e7 elementor-widget-divider--view-line elementor-widget elementor-widget-divider\" data-id=\"b82f9e7\" data-element_type=\"widget\" data-e-type=\"widget\" data-widget_type=\"divider.default\">\n\t\t\t\t<div class=\"elementor-widget-container\">\n\t\t\t\t\t\t\t<div class=\"elementor-divider\">\n\t\t\t<span class=\"elementor-divider-separator\">\n\t\t\t\t\t\t<\/span>\n\t\t<\/div>\n\t\t\t\t\t\t<\/div>\n\t\t\t\t<\/div>\n\t\t\t\t<\/div>\n\t\t\t\t<\/div>\n\t\t\t\t\t<\/div>\n\t\t\t\t<\/div>\n\t\t<div class=\"elementor-element elementor-element-72ba9508 e-flex e-con-boxed e-con e-parent\" data-id=\"72ba9508\" data-element_type=\"container\" data-e-type=\"container\">\n\t\t\t\t\t<div class=\"e-con-inner\">\n\t\t\t\t<div class=\"elementor-element elementor-element-6538a018 elementor-widget elementor-widget-gallery\" data-id=\"6538a018\" data-element_type=\"widget\" data-e-type=\"widget\" data-settings=\"{&quot;lazyload&quot;:&quot;yes&quot;,&quot;gallery_layout&quot;:&quot;grid&quot;,&quot;columns&quot;:4,&quot;columns_tablet&quot;:2,&quot;columns_mobile&quot;:1,&quot;gap&quot;:{&quot;unit&quot;:&quot;px&quot;,&quot;size&quot;:10,&quot;sizes&quot;:[]},&quot;gap_tablet&quot;:{&quot;unit&quot;:&quot;px&quot;,&quot;size&quot;:10,&quot;sizes&quot;:[]},&quot;gap_mobile&quot;:{&quot;unit&quot;:&quot;px&quot;,&quot;size&quot;:10,&quot;sizes&quot;:[]},&quot;link_to&quot;:&quot;file&quot;,&quot;aspect_ratio&quot;:&quot;3:2&quot;,&quot;overlay_background&quot;:&quot;yes&quot;,&quot;content_hover_animation&quot;:&quot;fade-in&quot;}\" data-widget_type=\"gallery.default\">\n\t\t\t\t<div class=\"elementor-widget-container\">\n\t\t\t\t\t\t\t<div class=\"elementor-gallery__container\">\n\t\t\t\t\t\t\t<a class=\"e-gallery-item elementor-gallery-item elementor-animated-content\" href=\"https:\/\/sporthorses.lv\/wp-content\/uploads\/2024\/04\/dasa102-1.jpg\" data-elementor-open-lightbox=\"yes\" data-elementor-lightbox-slideshow=\"6538a018\" data-elementor-lightbox-title=\"KONICA MINOLTA DIGITAL CAMERA\" data-e-action-hash=\"#elementor-action%3Aaction%3Dlightbox%26settings%3DeyJpZCI6MTEyMSwidXJsIjoiaHR0cHM6XC9cL3Nwb3J0aG9yc2VzLmx2XC93cC1jb250ZW50XC91cGxvYWRzXC8yMDI0XC8wNFwvZGFzYTEwMi0xLmpwZyIsInNsaWRlc2hvdyI6IjY1MzhhMDE4In0%3D\">\n\t\t\t\t\t<div class=\"e-gallery-image elementor-gallery-item__image\" data-thumbnail=\"https:\/\/sporthorses.lv\/wp-content\/uploads\/2024\/04\/dasa102-1.jpg\" data-width=\"2080\" data-height=\"1560\" aria-label=\"\" role=\"img\" ><\/div>\n\t\t\t\t\t\t\t\t\t\t\t<div class=\"elementor-gallery-item__overlay\"><\/div>\n\t\t\t\t\t\t\t\t\t\t\t\t\t\t<\/a>\n\t\t\t\t\t\t\t<a class=\"e-gallery-item elementor-gallery-item elementor-animated-content\" href=\"https:\/\/sporthorses.lv\/wp-content\/uploads\/2024\/04\/DSC02136-1.jpg\" data-elementor-open-lightbox=\"yes\" data-elementor-lightbox-slideshow=\"6538a018\" data-elementor-lightbox-title=\"SONY DSC\" data-e-action-hash=\"#elementor-action%3Aaction%3Dlightbox%26settings%3DeyJpZCI6MTEyNCwidXJsIjoiaHR0cHM6XC9cL3Nwb3J0aG9yc2VzLmx2XC93cC1jb250ZW50XC91cGxvYWRzXC8yMDI0XC8wNFwvRFNDMDIxMzYtMS5qcGciLCJzbGlkZXNob3ciOiI2NTM4YTAxOCJ9\">\n\t\t\t\t\t<div class=\"e-gallery-image elementor-gallery-item__image\" data-thumbnail=\"https:\/\/sporthorses.lv\/wp-content\/uploads\/2024\/04\/DSC02136-1.jpg\" data-width=\"1920\" data-height=\"1280\" aria-label=\"\" role=\"img\" ><\/div>\n\t\t\t\t\t\t\t\t\t\t\t<div class=\"elementor-gallery-item__overlay\"><\/div>\n\t\t\t\t\t\t\t\t\t\t\t\t\t\t<\/a>\n\t\t\t\t\t\t\t<a class=\"e-gallery-item elementor-gallery-item elementor-animated-content\" href=\"https:\/\/sporthorses.lv\/wp-content\/uploads\/2024\/04\/dasa106-2.jpg\" data-elementor-open-lightbox=\"yes\" data-elementor-lightbox-slideshow=\"6538a018\" data-elementor-lightbox-title=\"KONICA MINOLTA DIGITAL CAMERA\" data-e-action-hash=\"#elementor-action%3Aaction%3Dlightbox%26settings%3DeyJpZCI6MTEyNywidXJsIjoiaHR0cHM6XC9cL3Nwb3J0aG9yc2VzLmx2XC93cC1jb250ZW50XC91cGxvYWRzXC8yMDI0XC8wNFwvZGFzYTEwNi0yLmpwZyIsInNsaWRlc2hvdyI6IjY1MzhhMDE4In0%3D\">\n\t\t\t\t\t<div class=\"e-gallery-image elementor-gallery-item__image\" data-thumbnail=\"https:\/\/sporthorses.lv\/wp-content\/uploads\/2024\/04\/dasa106-2.jpg\" data-width=\"2080\" data-height=\"1560\" aria-label=\"\" role=\"img\" ><\/div>\n\t\t\t\t\t\t\t\t\t\t\t<div class=\"elementor-gallery-item__overlay\"><\/div>\n\t\t\t\t\t\t\t\t\t\t\t\t\t\t<\/a>\n\t\t\t\t\t\t\t<a class=\"e-gallery-item elementor-gallery-item elementor-animated-content\" href=\"https:\/\/sporthorses.lv\/wp-content\/uploads\/2024\/04\/dasa121-1.jpg\" data-elementor-open-lightbox=\"yes\" data-elementor-lightbox-slideshow=\"6538a018\" data-elementor-lightbox-title=\"KONICA MINOLTA DIGITAL CAMERA\" data-e-action-hash=\"#elementor-action%3Aaction%3Dlightbox%26settings%3DeyJpZCI6MTEzMCwidXJsIjoiaHR0cHM6XC9cL3Nwb3J0aG9yc2VzLmx2XC93cC1jb250ZW50XC91cGxvYWRzXC8yMDI0XC8wNFwvZGFzYTEyMS0xLmpwZyIsInNsaWRlc2hvdyI6IjY1MzhhMDE4In0%3D\">\n\t\t\t\t\t<div class=\"e-gallery-image elementor-gallery-item__image\" data-thumbnail=\"https:\/\/sporthorses.lv\/wp-content\/uploads\/2024\/04\/dasa121-1.jpg\" data-width=\"2080\" data-height=\"1560\" aria-label=\"\" role=\"img\" ><\/div>\n\t\t\t\t\t\t\t\t\t\t\t<div class=\"elementor-gallery-item__overlay\"><\/div>\n\t\t\t\t\t\t\t\t\t\t\t\t\t\t<\/a>\n\t\t\t\t\t\t\t<a class=\"e-gallery-item elementor-gallery-item elementor-animated-content\" href=\"https:\/\/sporthorses.lv\/wp-content\/uploads\/2024\/04\/dasa94-2.jpg\" data-elementor-open-lightbox=\"yes\" data-elementor-lightbox-slideshow=\"6538a018\" data-elementor-lightbox-title=\"KONICA MINOLTA DIGITAL CAMERA\" data-e-action-hash=\"#elementor-action%3Aaction%3Dlightbox%26settings%3DeyJpZCI6MTEzMywidXJsIjoiaHR0cHM6XC9cL3Nwb3J0aG9yc2VzLmx2XC93cC1jb250ZW50XC91cGxvYWRzXC8yMDI0XC8wNFwvZGFzYTk0LTIuanBnIiwic2xpZGVzaG93IjoiNjUzOGEwMTgifQ%3D%3D\">\n\t\t\t\t\t<div class=\"e-gallery-image elementor-gallery-item__image\" data-thumbnail=\"https:\/\/sporthorses.lv\/wp-content\/uploads\/2024\/04\/dasa94-2.jpg\" data-width=\"2080\" data-height=\"1560\" aria-label=\"\" role=\"img\" ><\/div>\n\t\t\t\t\t\t\t\t\t\t\t<div class=\"elementor-gallery-item__overlay\"><\/div>\n\t\t\t\t\t\t\t\t\t\t\t\t\t\t<\/a>\n\t\t\t\t\t\t\t<a class=\"e-gallery-item elementor-gallery-item elementor-animated-content\" href=\"https:\/\/sporthorses.lv\/wp-content\/uploads\/2024\/04\/dasa99-1.jpg\" data-elementor-open-lightbox=\"yes\" data-elementor-lightbox-slideshow=\"6538a018\" data-elementor-lightbox-title=\"KONICA MINOLTA DIGITAL CAMERA\" data-e-action-hash=\"#elementor-action%3Aaction%3Dlightbox%26settings%3DeyJpZCI6MTEzNiwidXJsIjoiaHR0cHM6XC9cL3Nwb3J0aG9yc2VzLmx2XC93cC1jb250ZW50XC91cGxvYWRzXC8yMDI0XC8wNFwvZGFzYTk5LTEuanBnIiwic2xpZGVzaG93IjoiNjUzOGEwMTgifQ%3D%3D\">\n\t\t\t\t\t<div class=\"e-gallery-image elementor-gallery-item__image\" data-thumbnail=\"https:\/\/sporthorses.lv\/wp-content\/uploads\/2024\/04\/dasa99-1.jpg\" data-width=\"2080\" data-height=\"1560\" aria-label=\"\" role=\"img\" ><\/div>\n\t\t\t\t\t\t\t\t\t\t\t<div class=\"elementor-gallery-item__overlay\"><\/div>\n\t\t\t\t\t\t\t\t\t\t\t\t\t\t<\/a>\n\t\t\t\t\t<\/div>\n\t\t\t\t\t<\/div>\n\t\t\t\t<\/div>\n\t\t\t\t\t<\/div>\n\t\t\t\t<\/div>\n\t\t\t\t<\/div>\n\t\t","protected":false},"excerpt":{"rendered":"<p>\u0410\u0434\u0430\u043f\u0442\u0438\u0432\u043d\u044b\u0439 \u043a\u043e\u043d\u043d\u044b\u0439 \u0441\u043f\u043e\u0440\u0442 \u041d\u0430\u0448\u0430 \u043f\u0440\u043e\u0433\u0440\u0430\u043c\u043c\u0430 \u0430\u0434\u0430\u043f\u0442\u0438\u0432\u043d\u043e\u0433\u043e \u043a\u043e\u043d\u043d\u043e\u0433\u043e \u0441\u043f\u043e\u0440\u0442\u0430 \u0440\u0430\u0437\u0440\u0430\u0431\u043e\u0442\u0430\u043d\u0430 \u0434\u043b\u044f \u043f\u0440\u0435\u0434\u043e\u0441\u0442\u0430\u0432\u043b\u0435\u043d\u0438\u044f \u043e\u0431\u0443\u0447\u0435\u043d\u0438\u044f \u0432\u0435\u0440\u0445\u043e\u0432\u043e\u0439 \u0435\u0437\u0434\u0435 \u043b\u044e\u0434\u044f\u043c, \u043a\u043e\u0442\u043e\u0440\u044b\u0435 \u043f\u043e \u0440\u0430\u0437\u043d\u044b\u043c \u043f\u0440\u0438\u0447\u0438\u043d\u0430\u043c \u043d\u0435 [&hellip;]<\/p>\n","protected":false},"author":1,"featured_media":0,"parent":0,"menu_order":0,"comment_status":"closed","ping_status":"closed","template":"","meta":{"site-sidebar-layout":"no-sidebar","site-content-layout":"","ast-site-content-layout":"full-width-container","site-content-style":"default","site-sidebar-style":"default","ast-global-header-display":"","ast-banner-title-visibility":"","ast-main-header-display":"","ast-hfb-above-header-display":"","ast-hfb-below-header-display":"","ast-hfb-mobile-header-display":"","site-post-title":"disabled","ast-breadcrumbs-content":"","ast-featured-img":"disabled","footer-sml-layout":"","ast-disable-related-posts":"","theme-transparent-header-meta":"","adv-header-id-meta":"","stick-header-meta":"","header-above-stick-meta":"","header-main-stick-meta":"","header-below-stick-meta":"","astra-migrate-meta-layouts":"default","ast-page-background-enabled":"default","ast-page-background-meta":{"desktop":{"background-color":"var(--ast-global-color-4)","background-image":"","background-repeat":"repeat","background-position":"center center","background-size":"auto","background-attachment":"scroll","background-type":"","background-media":"","overlay-type":"","overlay-color":"","overlay-opacity":"","overlay-gradient":""},"tablet":{"background-color":"","background-image":"","background-repeat":"repeat","background-position":"center center","background-size":"auto","background-attachment":"scroll","background-type":"","background-media":"","overlay-type":"","overlay-color":"","overlay-opacity":"","overlay-gradient":""},"mobile":{"background-color":"","background-image":"","background-repeat":"repeat","background-position":"center center","background-size":"auto","background-attachment":"scroll","background-type":"","background-media":"","overlay-type":"","overlay-color":"","overlay-opacity":"","overlay-gradient":""}},"ast-content-background-meta":{"desktop":{"background-color":"var(--ast-global-color-5)","background-image":"","background-repeat":"repeat","background-position":"center center","background-size":"auto","background-attachment":"scroll","background-type":"","background-media":"","overlay-type":"","overlay-color":"","overlay-opacity":"","overlay-gradient":""},"tablet":{"background-color":"var(--ast-global-color-5)","background-image":"","background-repeat":"repeat","background-position":"center center","background-size":"auto","background-attachment":"scroll","background-type":"","background-media":"","overlay-type":"","overlay-color":"","overlay-opacity":"","overlay-gradient":""},"mobile":{"background-color":"var(--ast-global-color-5)","background-image":"","background-repeat":"repeat","background-position":"center center","background-size":"auto","background-attachment":"scroll","background-type":"","background-media":"","overlay-type":"","overlay-color":"","overlay-opacity":"","overlay-gradient":""}},"footnotes":""},"class_list":["post-1146","page","type-page","status-publish","hentry"],"_links":{"self":[{"href":"https:\/\/sporthorses.lv\/ru\/wp-json\/wp\/v2\/pages\/1146","targetHints":{"allow":["GET"]}}],"collection":[{"href":"https:\/\/sporthorses.lv\/ru\/wp-json\/wp\/v2\/pages"}],"about":[{"href":"https:\/\/sporthorses.lv\/ru\/wp-json\/wp\/v2\/types\/page"}],"author":[{"embeddable":true,"href":"https:\/\/sporthorses.lv\/ru\/wp-json\/wp\/v2\/users\/1"}],"replies":[{"embeddable":true,"href":"https:\/\/sporthorses.lv\/ru\/wp-json\/wp\/v2\/comments?post=1146"}],"version-history":[{"count":7,"href":"https:\/\/sporthorses.lv\/ru\/wp-json\/wp\/v2\/pages\/1146\/revisions"}],"predecessor-version":[{"id":1153,"href":"https:\/\/sporthorses.lv\/ru\/wp-json\/wp\/v2\/pages\/1146\/revisions\/1153"}],"wp:attachment":[{"href":"https:\/\/sporthorses.lv\/ru\/wp-json\/wp\/v2\/media?parent=1146"}],"curies":[{"name":"wp","href":"https:\/\/api.w.org\/{rel}","templated":true}]}}